{"id":123,"date":"2023-02-07T18:43:25","date_gmt":"2023-02-07T11:43:25","guid":{"rendered":"https:\/\/alatca.vn\/?page_id=123"},"modified":"2023-03-04T08:55:04","modified_gmt":"2023-03-04T01:55:04","slug":"gioi-thieu-ve-san-pham","status":"publish","type":"page","link":"https:\/\/alatca.vn\/?page_id=123","title":{"rendered":"GI\u1edaI THI\u1ec6U V\u1ec0 S\u1ea2N PH\u1ea8M"},"content":{"rendered":"<div class=\"row\"  id=\"row-856182974\">\n\n\t<div id=\"col-1714680444\" class=\"col small-12 large-12\"  >\n\t\t\t\t<div class=\"col-inner\"  >\n\t\t\t\n\t\t\t\n\t<div class=\"img has-hover x md-x lg-x y md-y lg-y\" id=\"image_895040024\">\n\t\t\t\t\t\t\t\t<div class=\"img-inner dark\" >\n\t\t\t<img loading=\"lazy\" decoding=\"async\" width=\"1200\" height=\"440\" src=\"https:\/\/alatca.vn\/wp-content\/uploads\/2023\/02\/ezgif.com-gif-maker-1-3.gif\" class=\"attachment-original size-original\" alt=\"\" \/>\t\t\t\t\t\t\n\t\t\t\t\t<\/div>\n\t\t\t\t\t\t\t\t\n<style>\n#image_895040024 {\n  width: 100%;\n}\n<\/style>\n\t<\/div>\n\t\n<h1 style=\"text-align: center;\">C\u00f3 n\u00ean d\u00f9ng m\u00e1y l\u1ecdc n\u01b0\u1edbc hay kh\u00f4ng<\/h1>\n<div class=\"pav-blog\">\n<div class=\"blog-meta\"><span class=\"author\">Write By:\u00a0admin<\/span><span class=\"publishin\">Published In:<\/span><span class=\"created\">Created Date: 2015-05-16<\/span><span class=\"hits\">Hits:\u00a02265<\/span><span class=\"comment_count\">Comment:\u00a00<\/span><\/div>\n<div class=\"description clearfix\">\n<p>C\u00f3 n\u00ean s\u1eed d\u1ee5ng m\u00e1y l\u1ecdc n\u01b0\u1edbc hay kh\u00f4ng<\/p>\n<\/div>\n<div class=\"blog-content clearfix\">\n<div class=\"content-wrap clearfix\">\n<p>Tr\u01b0\u1edbc t\u00ecnh tr\u1ea1ng c\u00e1c ngu\u1ed3n n\u01b0\u1edbc b\u1ecb \u00f4 nhi\u1ec5m, thi\u1ebfu n\u01b0\u1edbc s\u1ea1ch nghi\u00eam tr\u1ecdng, r\u1ea5t nhi\u1ec1u ng\u01b0\u1eddi ti\u00eau d\u00f9ng \u0111\u00e3 t\u00ecm mua\u00a0<strong><em>m\u00e1y l\u1ecdc n\u01b0\u1edbc<\/em><\/strong>\u00a0v\u1edbi gi\u00e1 kh\u00f4ng h\u1ec1 r\u1ebb nh\u1eb1m b\u1ea3o v\u1ec7 s\u1ee9c kho\u1ebb gia \u0111\u00ecnh. Tuy nhi\u00ean theo c\u00e1c chuy\u00ean gia, gi\u1ea3i ph\u00e1p m\u00e1y n\u00e0y kh\u00f4ng h\u1eb3n ho\u00e0n h\u1ea3o.<br \/>\u00d4ng Ho\u00e0ng Vi\u1ec7t H\u00e0 (khu A4, Kh\u01b0\u01a1ng Th\u01b0\u1ee3ng, H\u00e0 N\u1ed9i) cho hay, nh\u00e0 \u00f4ng d\u00f9ng gi\u1ebfng n\u01b0\u1edbc khoan, theo l\u1eddi t\u01b0 v\u1ea5n c\u1ee7a b\u1ea1n \u00f4ng mua m\u00e1y l\u1ecdc n\u01b0\u1edbc Myota-Ro h\u00e3ng \u0110\u00e0i Loan tr\u00ean ph\u1ed1 Kim M\u00e3 v\u1edbi gi\u00e1 2,7 tri\u1ec7u \u0111\u1ed3ng. M\u00e1y \u0111\u01b0\u1ee3c qu\u1ea3ng c\u00e1o l\u00e0 c\u00f3 th\u1ec3 u\u1ed1ng tr\u1ef1c ti\u1ebfp kh\u00f4ng c\u1ea7n \u0111un s\u00f4i, lo\u1ea1i b\u1ecf t\u1ea1p ch\u1ea5t, c\u00f3 ch\u1ee9c n\u0103ng trung ho\u00e0 axit, trung ho\u00e0 ion, t\u1ea1o n\u01b0\u1edbc kho\u00e1ng. Tuy ch\u01b0a h\u1ebft lo l\u1eafng v\u00ec ch\u1eb3ng bi\u1ebft m\u00e1y c\u00f3 lo\u1ea1i h\u1ebft ch\u1ea5t b\u1ea9n hay kh\u00f4ng, nh\u01b0ng gia \u0111\u00ecnh \u00f4ng v\u1eabn ph\u1ea3i d\u00f9ng v\u00ec kh\u00f4ng bi\u1ebft l\u00e0m c\u00e1ch n\u00e0o \u0111\u1ec3 n\u01b0\u1edbc s\u1ea1ch h\u01a1n.<br \/>Kh\u00f4ng mua m\u00e1y \u0111\u1eaft nh\u01b0 \u00f4ng H\u00e0, nhi\u1ec1u ng\u01b0\u1eddi d\u00e2n hi\u1ec7n nay th\u01b0\u1eddng t\u00ecm \u0111\u1ebfn lo\u1ea1i m\u00e1y l\u1ecdc n\u01b0\u1edbc th\u00f4ng d\u1ee5ng 300.000\u0111\/b\u00ecnh. Nh\u01b0ng d\u00f9ng m\u1ed9t th\u1eddi gian l\u00e0 ph\u1ea3i mang \u0111i \u0111\u00e1nh r\u1eeda v\u00ec c\u1ee5c l\u1ecdc v\u00e0ng kh\u00e8.<br \/>T\u00ecm hi\u1ec3u tr\u00ean th\u1ecb tr\u01b0\u1eddng hi\u1ec7n c\u00f3 \u0111\u1ebfn h\u00e0ng ch\u1ee5c t\u00ean c\u00e1c lo\u1ea1i m\u00e1y l\u1ecdc kh\u00e1c nhau xu\u1ea5t x\u1ee9 t\u1eeb Trung Qu\u1ed1c, \u0110\u00e0i Loan, M\u1ef9. Nh\u01b0ng ph\u1ed5 bi\u1ebfn nh\u1ea5t l\u00e0 hai lo\u1ea1i: m\u00e1y d\u00f9ng than ho\u1ea1t t\u00ednh v\u00e0 thi\u1ebft b\u1ecb l\u1ecdc n\u01b0\u1edbc cao c\u1ea5p RO (l\u1ecdc b\u1eb1ng ph\u01b0\u01a1ng ph\u00e1p th\u1ea9m th\u1ea5u ng\u01b0\u1ee3c). Lo\u1ea1i d\u00f9ng than ho\u1ea1t t\u00ednh c\u00f3 gi\u00e1 t\u1eeb 200.000 \u2013 400.000\u0111\/m\u00e1y, tu\u1ef3 theo k\u00edch th\u01b0\u1edbc. Nh\u01b0ng khi s\u1eed d\u1ee5ng ph\u1ea3i \u0111\u1ec3 \u00fd \u0111\u1ebfn l\u00f5i than ho\u1ea1t t\u00ednh \u0111\u1ec3 thay sau khi s\u1eed d\u1ee5ng kho\u1ea3ng t\u1eeb 6 \u2013 12 th\u00e1ng.\u00a0<strong><em>M\u00e1y l\u1ecdc RO<\/em><\/strong>\u00a0gi\u00e1 t\u1eeb 2 \u2013 5 tri\u1ec7u \u0111\u1ed3ng, \u0111\u01b0\u1ee3c b\u1ea3o h\u00e0nh m\u1ed9t n\u0103m v\u00e0 \u0111\u01b0\u1ee3c th\u1ee3 \u0111\u1ebfn l\u1eafp \u0111\u1eb7t t\u1ea1i nh\u00e0.<br \/>T\u1ea1i m\u1ed9t c\u1eeda h\u00e0ng tr\u00ean ph\u1ed1 Gi\u1ea3ng V\u00f5 (H\u00e0 N\u1ed9i), ch\u00fang t\u00f4i c\u00f3 h\u1ecfi m\u1ed9t nh\u00e2n vi\u00ean b\u00e1n h\u00e0ng v\u1ec1 gi\u1ea5y ch\u1ee9ng nh\u1eadn ch\u1ea5t l\u01b0\u1ee3ng, xu\u1ea5t x\u1ee9 s\u1ea3n ph\u1ea9m nh\u01b0ng ch\u1ec9 nh\u1eadn \u0111\u01b0\u1ee3c nh\u1eefng l\u1eddi t\u01b0 v\u1ea5n v\u1ec1 thi\u1ebft b\u1ecb l\u1ecdc c\u00f3 th\u1ec3 lo\u1ea1i b\u1ecf ho\u00e0n to\u00e0n ch\u1ea5t c\u00f3 h\u1ea1i, \u0111\u1ed9c t\u1ed1, x\u1eed l\u00fd \u0111\u01b0\u1ee3c h\u1ebft kim lo\u1ea1i n\u1eb7ng\u2026<br \/>\u0110\u1ec3 c\u00f3 n\u01b0\u1edbc s\u1ea1ch?<br \/>C\u00e1c ch\u1ee7 c\u1eeda h\u00e0ng c\u0169ng cho r\u1eb1ng t\u1ed1t nh\u1ea5t n\u00ean \u0111un n\u01b0\u1edbc s\u00f4i cho v\u00e0o b\u00ecnh, t\u1eeb \u0111\u00f3 l\u1ea5y n\u01b0\u1edbc n\u00e0y d\u00f9ng \u0111\u1ec3 \u0103n u\u1ed1ng l\u00e0 c\u1ea9n th\u1eadn nh\u1ea5t.<br \/>Theo c\u00e1c nh\u00e0 chuy\u00ean m\u00f4n, c\u00e1c gia \u0111\u00ecnh n\u00ean ki\u1ec3m tra ngu\u1ed3n n\u01b0\u1edbc khu m\u00ecnh \u1edf \u0111\u1ec3 c\u00f3 c\u00e1ch \u201cph\u00f2ng ch\u1ed1ng\u201d th\u00edch h\u1ee3p. V\u00ed d\u1ee5 ngu\u1ed3n n\u01b0\u1edbc \u0111\u1ea1t an to\u00e0n c\u00f3 th\u1ec3 d\u00f9ng m\u00e1y c\u00f3 m\u00e0ng vi l\u1ecdc ho\u1eb7c si\u00eau l\u1ecdc v\u00ec s\u1ebd gi\u00fap lo\u1ea1i b\u1ecf ch\u1ea5t b\u1ea9n, gi\u1eef l\u1ea1i kho\u00e1ng ch\u1ea5t. C\u00f2n n\u1ebfu d\u00f9ng n\u01b0\u1edbc gi\u1ebfng khoan hay khu v\u1ef1c \u00f4 nhi\u1ec5m n\u1eb7ng c\u1ea7n ph\u1ea3i x\u1eed l\u00fd b\u1eb1ng m\u00e1y l\u1ecdc chuy\u00ean kh\u1eed asen hay amoni.<\/p>\n<div><img decoding=\"async\" src=\"https:\/\/maylocnuocviet.vn\/image\/data\/news\/may-loc-nuoc-ro-15-6.jpg\" alt=\"\" border=\"0\" \/><\/div>\n<div>M\u00e1 l\u1ecdc n\u01b0\u1edbc RO<\/div>\n<p>Hi\u1ec7n nay tr\u00ean th\u1ecb tr\u01b0\u1eddng b\u00e1n c\u00e1c lo\u1ea1i m\u00e1y \u0111\u01b0\u1ee3c qu\u1ea3ng c\u00e1o d\u00f9ng c\u00f4ng ngh\u1ec7 nano c\u00f3 t\u00e1c d\u1ee5ng kh\u1eed khu\u1ea9n, v\u1ec1 nguy\u00ean t\u1eafc l\u00e0 kh\u00f4ng \u0111\u00fang, k\u1ef9 s\u01b0 Ph\u1ea1m V\u0103n L\u00e2m, vi\u1ec7n Ho\u00e1 h\u1ecdc Vi\u1ec7t Nam cho bi\u1ebft. B\u1edfi \u0111\u1ec3 ti\u00eau di\u1ec7t \u0111\u01b0\u1ee3c khu\u1ea9n ph\u1ea3i c\u00f3 m\u1ed9t th\u1eddi gian \u0111\u1ee7 d\u00e0i v\u00e0 kh\u1ed1i l\u01b0\u1ee3ng l\u1edbn trong khi \u1edf m\u00e1y l\u1ecdc d\u00f2ng n\u01b0\u1edbc ch\u1ec9 ch\u1ea3y qua m\u1ed9t c\u1ee5c nh\u1ecf nh\u01b0 v\u1eady th\u00ec kh\u00f4ng \u0111\u1ee7 th\u1eddi gian di\u1ec7t khu\u1ea9n. Ngo\u00e0i ra, c\u00e1c h\u1ec7 th\u1ed1ng \u0111\u1ec1u b\u1ecb nhi\u1ec5m khu\u1ea9n do kh\u00f4ng kh\u00ed th\u00e2m nh\u1eadp v\u00e0o b\u1ed3n ch\u1ee9a, b\u00ean n\u00e0y m\u00e0ng l\u1ecdc c\u00f3 th\u1ec3 kh\u00f4ng c\u00f3 khu\u1ea9n nh\u01b0ng b\u00ean kia l\u1ea1i c\u00f3 th\u1ec3 b\u1ecb khu\u1ea9n b\u00e1m, do \u0111\u00f3 t\u1ed1t nh\u1ea5t l\u00e0 kh\u00f4ng n\u00ean u\u1ed1ng ngay sau khi l\u1ecdc<br \/>PGS-TS Tr\u1ea7n H\u1ed3ng C\u00f4n, khoa ho\u00e1, \u0110H Khoa h\u1ecdc t\u1ef1 nhi\u00ean, \u0110H Qu\u1ed1c gia H\u00e0 N\u1ed9i l\u1ea1i kh\u1eb3ng \u0111\u1ecbnh, tr\u00ean th\u1ecb tr\u01b0\u1eddng Vi\u1ec7t Nam hi\u1ec7n nay ch\u01b0a c\u00f3 b\u00ecnh l\u1ecdc hay b\u1ed9 l\u1ecdc n\u01b0\u1edbc n\u00e0o lo\u1ea1i \u0111\u01b0\u1ee3c h\u1ebft c\u00e1c \u0111\u1ed9c t\u1ed1 m\u00e0 gi\u1eef l\u1ea1i \u0111\u01b0\u1ee3c kho\u00e1ng ch\u1ea5t. C\u00e1c chuy\u00ean gia c\u0169ng cho r\u1eb1ng, kh\u00f4ng n\u00ean \u0111\u1eb7t b\u00ecnh l\u1ecdc \u1edf n\u01a1i vi khu\u1ea9n d\u1ec5 b\u1ecb x\u00e2m nh\u1eadp nh\u01b0 ch\u1ed7 r\u1eeda r\u00e1y. Ngo\u00e0i ra, do ch\u01b0a gi\u1ea3i quy\u1ebft \u0111\u01b0\u1ee3c t\u1eeb g\u1ed1c (c\u00e1c nh\u00e0 m\u00e1y n\u01b0\u1edbc) \u0111\u1ec3 c\u00f3 \u0111\u01b0\u1ee3c ngu\u1ed3n n\u01b0\u1edbc s\u1ea1ch, c\u00e1ch duy nh\u1ea5t l\u00fac n\u00e0y ng\u01b0\u1eddi d\u00e2n d\u00f9ng b\u00ecnh l\u1ecdc lo\u1ea1i asen, amoni, m\u0103ng gan cho \u0103n u\u1ed1ng h\u00e0ng ng\u00e0y. Khi mua m\u00e1y l\u1ecdc, c\u1ea7n ch\u00fa \u00fd nh\u1ea5t b\u1ed9 l\u1ecdc. H\u00e0ng ch\u00ednh h\u00e3ng th\u01b0\u1eddng m\u1ecbn v\u00e0 \u0111\u1ec1u, khi s\u1edd tay v\u00e0o kh\u00f4ng th\u1ea5y b\u1ed9t ph\u1ea5n, nh\u1ecf n\u01b0\u1edbc v\u00e0o n\u01b0\u1edbc th\u1ea5m nhanh. Lo\u1ea1i l\u00f5i l\u1ecdc gi\u1ea3 th\u01b0\u1eddng kh\u00f4ng m\u1ecbn \u0111\u1ec1u, c\u00f3 b\u1ed9t ph\u1ea5n, n\u01b0\u1edbc th\u1ea5m ch\u1eadm\u2026<br \/>Khi s\u1eed d\u1ee5ng ph\u1ea3i ch\u00fa \u00fd t\u1edbi th\u1eddi gian\u00a0<strong><em>thay l\u00f5i l\u1ecdc<\/em><\/strong>\u00a0th\u01b0\u1eddng \u0111\u01b0\u1ee3c nh\u00e0 s\u1ea3n xu\u1ea5t ghi tr\u00ean thi\u1ebft b\u1ecb.<\/p>\n<\/div>\n<\/div>\n<\/div>\n\t\t<\/div>\n\t\t\t\t\t<\/div>\n\n\t\n<\/div>\n","protected":false},"excerpt":{"rendered":"","protected":false},"author":1,"featured_media":0,"parent":0,"menu_order":0,"comment_status":"closed","ping_status":"closed","template":"","meta":{"footnotes":""},"yst_prominent_words":[],"class_list":["post-123","page","type-page","status-publish","hentry"],"jetpack_sharing_enabled":true,"_links":{"self":[{"href":"https:\/\/alatca.vn\/index.php?rest_route=\/wp\/v2\/pages\/123","targetHints":{"allow":["GET"]}}],"collection":[{"href":"https:\/\/alatca.vn\/index.php?rest_route=\/wp\/v2\/pages"}],"about":[{"href":"https:\/\/alatca.vn\/index.php?rest_route=\/wp\/v2\/types\/page"}],"author":[{"embeddable":true,"href":"https:\/\/alatca.vn\/index.php?rest_route=\/wp\/v2\/users\/1"}],"replies":[{"embeddable":true,"href":"https:\/\/alatca.vn\/index.php?rest_route=%2Fwp%2Fv2%2Fcomments&post=123"}],"version-history":[{"count":3,"href":"https:\/\/alatca.vn\/index.php?rest_route=\/wp\/v2\/pages\/123\/revisions"}],"predecessor-version":[{"id":307,"href":"https:\/\/alatca.vn\/index.php?rest_route=\/wp\/v2\/pages\/123\/revisions\/307"}],"wp:attachment":[{"href":"https:\/\/alatca.vn\/index.php?rest_route=%2Fwp%2Fv2%2Fmedia&parent=123"}],"wp:term":[{"taxonomy":"yst_prominent_words","embeddable":true,"href":"https:\/\/alatca.vn\/index.php?rest_route=%2Fwp%2Fv2%2Fyst_prominent_words&post=123"}],"curies":[{"name":"wp","href":"https:\/\/api.w.org\/{rel}","templated":true}]}}