{"id":65,"date":"2023-02-07T01:21:34","date_gmt":"2023-02-07T01:21:34","guid":{"rendered":"https:\/\/alatca.vn\/?page_id=65"},"modified":"2023-02-09T09:10:02","modified_gmt":"2023-02-09T02:10:02","slug":"gioi-thieu","status":"publish","type":"page","link":"https:\/\/alatca.vn\/?page_id=65","title":{"rendered":"Gi\u1edbi Thi\u1ec7u C\u00f4ng Ty"},"content":{"rendered":"<div class=\"row\"  id=\"row-1361413178\">\n\n\t<div id=\"col-1763591733\" class=\"col small-12 large-12\"  >\n\t\t\t\t<div class=\"col-inner\"  >\n\t\t\t\n\t\t\t\n\t<div class=\"img has-hover x md-x lg-x y md-y lg-y\" id=\"image_1501209153\">\n\t\t\t\t\t\t\t\t<div class=\"img-inner dark\" >\n\t\t\t<img loading=\"lazy\" decoding=\"async\" width=\"1200\" height=\"440\" src=\"https:\/\/alatca.vn\/wp-content\/uploads\/2023\/02\/ezgif.com-gif-maker-1-3.gif\" class=\"attachment-original size-original\" alt=\"\" \/>\t\t\t\t\t\t\n\t\t\t\t\t<\/div>\n\t\t\t\t\t\t\t\t\n<style>\n#image_1501209153 {\n  width: 100%;\n}\n<\/style>\n\t<\/div>\n\t\n\t\t<\/div>\n\t\t\t\t\t<\/div>\n\n\t\n<\/div>\n<h1 style=\"text-align: center;\"><span style=\"font-size: 150%;\"><strong>Gi\u1edbi Thi\u1ec7u v\u1ec1 Katisa<\/strong><\/span><\/h1>\n<div class=\"pav-blog\">\n<div class=\"blog-meta\">\u00a0<\/div>\n<div class=\"description clearfix\">\n<div class=\"image\">\u00a0<\/div>\n<\/div>\n<div class=\"blog-content clearfix\">\n<div class=\"content-wrap clearfix\">\n<div class=\"image\">\n<p>Ti\u1ec1n th\u00e2n C\u00f4ng ty TNHH Kasama\u00a0l\u00e0\u00a0C\u00f4ng ty s\u1ea3n xu\u1ea5t v\u1ecf nh\u1ef1a cho c\u00e1c \u0111\u01a1n v\u1ecb s\u1ea3n xu\u1ea5t m\u00e1y l\u1ecdc n\u01b0\u1edbc v\u00e0 l\u00e0 nh\u00e0 ph\u00e2n ph\u1ed1i m\u00e1y l\u1ecdc n\u01b0\u1edbc Ro, Nano l\u1edbn nh\u1ea5t ph\u00eda B\u1eafc.<\/p>\n<p>Qua nhi\u1ec1u n\u0103m s\u1ea3n xu\u1ea5t v\u00e0 ph\u00e2n ph\u1ed1i Kasama\u00a0ch\u00ednh th\u1ee9c \u0111\u01b0\u1ee3c h\u00ecnh th\u00e0nh v\u1edbi \u00fd t\u01b0\u1edfng, nhi\u1ec7t huy\u1ebft c\u1ee7a \u0111\u1ed9i ng\u0169 k\u1ef9 s\u01b0 H\u00f3a, k\u1ef9 s\u01b0 C\u01a1 kh\u00ed, k\u1ef9 s\u01b0 M\u00f4i tr\u01b0\u1eddng\u2026, v\u1edbi t\u00e2m nguy\u1ec7n tr\u1edf th\u00e0nh chuy\u00ean gia h\u00e0ng \u0111\u1ea7u Vi\u1ec7t Nam v\u1ec1 l\u1ecdc n\u01b0\u1edbc. Cam k\u1ebft cung c\u1ea5p c\u00e1c d\u00f2ng s\u1ea3n ph\u1ea9m ch\u1ea5t l\u01b0\u1ee3ng cao, gi\u00e1 c\u1ea3 h\u1ee3p l\u00fd, d\u1ecbch v\u1ee5 kh\u00e1ch h\u00e0ng t\u1ed1t cho x\u00e3 h\u1ed9i.<\/p>\n<p>Hi\u1ec7n t\u1ea1i Cty TNHH Kasama\u00a0l\u00e0 c\u00f4ng ty h\u00e0ng \u0111\u1ea7u Vi\u1ec7t Nam v\u1ec1 s\u1ea3n xu\u1ea5t m\u00e1y l\u1ecdc n\u01b0\u1edbc Nano. Nguy\u00ean li\u1ec7u \u0111\u01b0\u1ee3c l\u1ef1a ch\u1ecdn kh\u1eaft khe t\u1eeb c\u00e1c n\u01b0\u1edbc ph\u00e1t tri\u1ec3n h\u00e0ng \u0111\u1ea7u th\u1ebf gi\u1edbi nh\u01b0 \u0110\u1ee9c, H\u00e0 Lan, Li\u00ean Bang Nga, \u0110\u1eb7c bi\u1ec7t Kasama\u00a0l\u00e0 C\u00f4ng ty \u0111\u1ea7u ti\u00ean s\u1eed d\u1ee5ng l\u00f5i Argon 2 Bio (C\u00f4ng ngh\u1ec7 sinh h\u1ecdc m\u1edbi nh\u1ea5t c\u1ee7a Li\u00ean Bang Nga) t\u1ea1i Vi\u1ec7t Nam. C\u00e1c chi ti\u1ebft nh\u1ef1a \u0111\u01b0\u1ee3c s\u1ea3n xu\u1ea5t tr\u00ean thi\u1ebft b\u1ecb, d\u00e2y truy\u1ec1n hi\u1ec7n \u0111\u1ea1i nh\u1ea5t c\u1ee7a Nh\u1eadt B\u1ea3n v\u00e0 \u0111\u01b0\u1ee3c T\u1ed5 ch\u1ee9c ch\u1ee9ng nh\u1eadn qu\u00f4c t\u1ebf TUV NORD CERT (CHLB \u0110\u1ee9c)\u0111\u00e3 c\u1ea5p ch\u1ee9ng ch\u1ec9 HACCP v\u00e0 c\u00e1c ch\u1ee9ng ch\u1ec9 ISO 9001:2008,ISO 14001:2004 cho H\u1ec7 th\u1ed1ng qu\u1ea3n l\u00fd ch\u1ea5t l\u01b0\u1ee3ng v\u00e0 H\u1ec7 th\u1ed1ng qu\u1ea3n l\u00fd m\u00f4i tr\u01b0\u1eddng c\u1ee7a APLACO<\/p>\n<p><strong>C\u00e1c s\u1ea3n ph\u1ea9m v\u00e0 d\u1ecbch v\u1ee5 ch\u00fang t\u00f4i d\u1eabn \u0111\u1ea7u th\u1ecb tr\u01b0\u1eddng.<\/strong><\/p>\n<p>&#8211; Chuy\u00ean gia h\u00e0ng \u0111\u1ea7u Vi\u1ec7t Nam v\u1ec1 cung c\u1ea5p c\u00e1c s\u1ea3n ph\u1ea9m nh\u1ef1a, m\u00e1y l\u1ecdc n\u01b0\u1edbc c\u00f4ng ngh\u1ec7 nano \u00a0c\u00f4ng ngh\u1ec7 ti\u00ean ti\u1ebfn nh\u1ea5t hi\u1ec7n nay.<\/p>\n<p>&#8211; Chuy\u00ean gia h\u00e0ng \u0111\u1ea7u v\u1ec1 cung c\u1ea5p c\u00e1c gi\u1ea3i ph\u00e1p v\u00e0 thi\u1ebft b\u1ecb x\u1eed l\u00fd n\u01b0\u1edbc t\u1ed5ng th\u1ec3 \u1edf quy m\u00f4 gia \u0111\u00ecnh, bi\u1ec7t th\u1ef1, v\u0103n ph\u00f2ng,&#8230;<\/p>\n<p><strong>H\u1ec7 th\u1ed1ng b\u00e1n h\u00e0ng.<\/strong><\/p>\n<p>Hi\u1ec7n t\u1ea1i ch\u00fang t\u00f4i \u0111ang s\u1eed d\u1ee5ng song song 2 h\u1ec7 th\u1ed1ng b\u00e1n h\u00e0ng:<\/p>\n<p><em>1. B\u00e1n l\u1ebb th\u00f4ng qua h\u1ec7 th\u1ed1ng website,\u00a0<\/em><em>showroom<\/em><em>\u00a0tr\u00ean c\u1ea3 n\u01b0\u1edbc<\/em><\/p>\n<p><em>2. H\u1ec7 th\u1ed1ng \u0111\u1ea1i l\u00fd, c\u00e1c nh\u00e0 ph\u00e2n ph\u1ed1i tr\u00ean c\u1ea3 n\u01b0\u1edbc<\/em><\/p>\n<p><strong>Th\u00f4ng \u0111i\u1ec7p C\u00f4ng ty.<\/strong><\/p>\n<p>Lu\u00f4n gia t\u0103ng l\u1ee3i \u00edch cho kh\u00e1ch h\u00e0ng, x\u00e3 h\u1ed9i.<\/p>\n<p><strong>\u0110\u1ed9i ng\u0169 CBCNV nh\u00e2n vi\u00ean<\/strong><\/p>\n<p>\u0110\u1ed9i ng\u0169 nh\u00e2n vi\u00ean bao g\u1ed3m c\u00e1c tr\u00ecnh \u0111\u1ed9: Trung c\u1ea5p , k\u1ef9 s\u01b0, c\u1eed nh\u00e2n, th\u1ea1c s\u1ef9, chuy\u00ean gia trong c\u00e1c l\u0129nh v\u1ef1c li\u00ean quan<\/p>\n<p><strong>M\u1ee5c ti\u00eau C\u1ee7a C\u00f4ng ty.<\/strong><\/p>\n<p>Tr\u1edf th\u00e0nh chuy\u00ean gia h\u00e0ng \u0111\u1ea7u trong c\u00e1c l\u0129nh v\u01b0c l\u1ecdc n\u01b0\u1edbc v\u00e0 s\u1ea3n xu\u1ea5t nh\u1ef1a.<\/p>\n<h4>Related Blogs By Tags<\/h4>\n<p style=\"padding-left: 80px;\"><span style=\"color: #0000ff;\"><a style=\"color: #0000ff;\" href=\"https:\/\/katisa.vn\/index.php?route=pavblog\/blog&amp;id=16\">Than ho\u1ea1t t\u00ednh v\u00e0 t\u00e1c d\u1ee5ng c\u1ee7a than ho\u1ea1t t\u00ednh.<\/a><\/span><\/p>\n<p style=\"padding-left: 80px;\"><span style=\"color: #0000ff;\"><a style=\"color: #0000ff;\" href=\"https:\/\/katisa.vn\/index.php?route=pavblog\/blog&amp;id=22\">T\u00e1c \u0111\u1ed9ng ti\u00eau c\u1ef1c c\u1ee7a u\u1ed1ng n\u01b0\u1edbc kh\u1eed kho\u00e1ng<\/a><\/span><\/p>\n<p style=\"padding-left: 80px;\"><span style=\"color: #0000ff;\"><a style=\"color: #0000ff;\" href=\"https:\/\/katisa.vn\/index.php?route=pavblog\/blog&amp;id=13\">T\u00e1c h\u1ea1i n\u01b0\u1edbc qu\u00e1 ng\u01b0\u1ee1ng<\/a><\/span><\/p>\n<p style=\"padding-left: 80px;\"><span style=\"color: #0000ff;\"><a style=\"color: #0000ff;\" href=\"https:\/\/katisa.vn\/index.php?route=pavblog\/blog&amp;id=21\">T\u00e1c h\u1ea1i c\u1ee7a canxi trong n\u01b0\u1edbc<\/a><\/span><\/p>\n<p style=\"padding-left: 80px;\"><span style=\"color: #0000ff;\"><a style=\"color: #0000ff;\" href=\"https:\/\/katisa.vn\/index.php?route=pavblog\/blog&amp;id=12\">T\u00e1c d\u1ee5ng c\u1ee7a n\u01b0\u1edbc l\u1ecdc<\/a><\/span><\/p>\n<p style=\"padding-left: 80px;\"><span style=\"color: #0000ff;\"><a style=\"color: #0000ff;\" href=\"https:\/\/katisa.vn\/index.php?route=pavblog\/blog&amp;id=14\">M\u1ed9 s\u1ed1 v\u1eadt li\u1ec7u h\u1ea5p th\u1ecb cao c\u1ea5p trong l\u1ecdc v\u00e0 x\u1eed l\u00fd n\u01b0\u1edbc<\/a><\/span><\/p>\n<p style=\"padding-left: 80px;\"><span style=\"color: #0000ff;\"><a style=\"color: #0000ff;\" href=\"https:\/\/katisa.vn\/index.php?route=pavblog\/blog&amp;id=23\">M\u00e1y l\u1ecdc n\u01b0\u1edbc ro n\u00e0o t\u1ed1t nh\u1ea5t hi\u1ec7n nay<\/a><\/span><\/p>\n<p style=\"padding-left: 80px;\"><span style=\"color: #0000ff;\"><a style=\"color: #0000ff;\" href=\"https:\/\/alatca.vn\/gioi-thieu\/\">Gi\u1edbi Thi\u00eau C\u00f4ng Ty.<\/a><\/span><\/p>\n<p style=\"padding-left: 80px;\"><span style=\"color: #0000ff;\"><a style=\"color: #0000ff;\" href=\"https:\/\/katisa.vn\/index.php?route=pavblog\/blog&amp;id=20\">C\u01a1n \u0111au tim v\u00e0 n\u01b0\u1edbc<\/a><\/span><\/p>\n<p style=\"padding-left: 80px;\"><span style=\"color: #0000ff;\"><a style=\"color: #0000ff;\" href=\"https:\/\/katisa.vn\/index.php?route=pavblog\/blog&amp;id=17\">C\u00f3 n\u00ean d\u00f9ng m\u00e1y l\u1ecdc n\u01b0\u1edbc hay kh\u00f4ng?.<\/a><\/span><\/p>\n<\/div>\n<\/div>\n<\/div>\n<\/div>\n","protected":false},"excerpt":{"rendered":"<p>Gi\u1edbi Thi\u1ec7u v\u1ec1 Katisa \u00a0 \u00a0 Ti\u1ec1n th\u00e2n C\u00f4ng ty TNHH Kasama\u00a0l\u00e0\u00a0C\u00f4ng ty s\u1ea3n xu\u1ea5t v\u1ecf nh\u1ef1a cho c\u00e1c \u0111\u01a1n v\u1ecb s\u1ea3n xu\u1ea5t m\u00e1y l\u1ecdc n\u01b0\u1edbc v\u00e0 l\u00e0 nh\u00e0 ph\u00e2n ph\u1ed1i m\u00e1y l\u1ecdc n\u01b0\u1edbc Ro, Nano l\u1edbn nh\u1ea5t ph\u00eda B\u1eafc. Qua nhi\u1ec1u n\u0103m s\u1ea3n xu\u1ea5t v\u00e0 ph\u00e2n ph\u1ed1i Kasama\u00a0ch\u00ednh th\u1ee9c \u0111\u01b0\u1ee3c h\u00ecnh th\u00e0nh v\u1edbi \u00fd [&#8230;]\n","protected":false},"author":1,"featured_media":0,"parent":0,"menu_order":0,"comment_status":"closed","ping_status":"closed","template":"","meta":{"footnotes":""},"yst_prominent_words":[],"class_list":["post-65","page","type-page","status-publish","hentry"],"jetpack_sharing_enabled":true,"_links":{"self":[{"href":"https:\/\/alatca.vn\/index.php?rest_route=\/wp\/v2\/pages\/65","targetHints":{"allow":["GET"]}}],"collection":[{"href":"https:\/\/alatca.vn\/index.php?rest_route=\/wp\/v2\/pages"}],"about":[{"href":"https:\/\/alatca.vn\/index.php?rest_route=\/wp\/v2\/types\/page"}],"author":[{"embeddable":true,"href":"https:\/\/alatca.vn\/index.php?rest_route=\/wp\/v2\/users\/1"}],"replies":[{"embeddable":true,"href":"https:\/\/alatca.vn\/index.php?rest_route=%2Fwp%2Fv2%2Fcomments&post=65"}],"version-history":[{"count":5,"href":"https:\/\/alatca.vn\/index.php?rest_route=\/wp\/v2\/pages\/65\/revisions"}],"predecessor-version":[{"id":210,"href":"https:\/\/alatca.vn\/index.php?rest_route=\/wp\/v2\/pages\/65\/revisions\/210"}],"wp:attachment":[{"href":"https:\/\/alatca.vn\/index.php?rest_route=%2Fwp%2Fv2%2Fmedia&parent=65"}],"wp:term":[{"taxonomy":"yst_prominent_words","embeddable":true,"href":"https:\/\/alatca.vn\/index.php?rest_route=%2Fwp%2Fv2%2Fyst_prominent_words&post=65"}],"curies":[{"name":"wp","href":"https:\/\/api.w.org\/{rel}","templated":true}]}}