{"id":12180,"date":"2023-03-04T16:04:58","date_gmt":"2023-03-04T09:04:58","guid":{"rendered":"https:\/\/alatca.vn\/?post_type=product&#038;p=12180"},"modified":"2026-04-12T17:08:38","modified_gmt":"2026-04-12T10:08:38","slug":"loi-loc-so-4-alatca","status":"publish","type":"product","link":"https:\/\/alatca.vn\/?product=loi-loc-so-4-alatca","title":{"rendered":"L\u00f5i l\u1ecdc s\u1ed1 4 Alatca"},"content":{"rendered":"<p>L\u00f5i l\u1ecdc s\u1ed1 4 Alatca M\u00e0ng RO th\u1ea9m th\u1ea5u ng\u01b0\u1ee3c.<\/p>\n<p>\u2013 C\u00f3 k\u00edch th\u01b0\u1edbc 0,0001 Micron \u2013 Lo\u1ea1i b\u1ecf ho\u00e0n to\u00e0n c\u00e1c ch\u1ea5t r\u1eafn, c\u00e1c ion kim lo\u1ea1i n\u1eb7ng, vi sinh v\u1eadt, vi khu\u1ea9n, vi r\u00fat g\u00e2y h\u1ea1i, c\u00e1c ch\u1ea5t h\u1eefu c\u01a1 l\u00e0m cho n\u01b0\u1edbc tr\u1edf n\u00ean ho\u00e0n to\u00e0n tinh khi\u1ebft.<\/p>\n<p>\u2013 Tu\u1ed5i th\u1ecd: 24 \u2013 36 th\u00e1ng (~ 90.000 l\u00edt)<\/p>\n","protected":false},"excerpt":{"rendered":"<p>L\u00f5i l\u1ecdc s\u1ed1 4 Alatca M\u00e0ng RO th\u1ea9m th\u1ea5u ng\u01b0\u1ee3c. \u2013 C\u00f3 k\u00edch th\u01b0\u1edbc 0,0001 Micron \u2013 Lo\u1ea1i b\u1ecf ho\u00e0n to\u00e0n c\u00e1c ch\u1ea5t r\u1eafn, c\u00e1c ion kim lo\u1ea1i n\u1eb7ng, vi sinh v\u1eadt, vi khu\u1ea9n, vi r\u00fat g\u00e2y h\u1ea1i, c\u00e1c ch\u1ea5t h\u1eefu c\u01a1 l\u00e0m cho n\u01b0\u1edbc tr\u1edf n\u00ean ho\u00e0n to\u00e0n tinh khi\u1ebft. \u2013 Tu\u1ed5i th\u1ecd: 24 [&#8230;]\n","protected":false},"featured_media":12172,"comment_status":"open","ping_status":"closed","template":"","meta":[],"product_brand":[],"product_cat":[28],"product_tag":[],"yst_prominent_words":[],"class_list":{"0":"post-12180","1":"product","2":"type-product","3":"status-publish","4":"has-post-thumbnail","6":"product_cat-phu-kien","8":"first","9":"instock","10":"shipping-taxable","11":"purchasable","12":"product-type-simple"},"jetpack_sharing_enabled":true,"_links":{"self":[{"href":"https:\/\/alatca.vn\/index.php?rest_route=\/wp\/v2\/product\/12180","targetHints":{"allow":["GET"]}}],"collection":[{"href":"https:\/\/alatca.vn\/index.php?rest_route=\/wp\/v2\/product"}],"about":[{"href":"https:\/\/alatca.vn\/index.php?rest_route=\/wp\/v2\/types\/product"}],"replies":[{"embeddable":true,"href":"https:\/\/alatca.vn\/index.php?rest_route=%2Fwp%2Fv2%2Fcomments&post=12180"}],"wp:featuredmedia":[{"embeddable":true,"href":"https:\/\/alatca.vn\/index.php?rest_route=\/wp\/v2\/media\/12172"}],"wp:attachment":[{"href":"https:\/\/alatca.vn\/index.php?rest_route=%2Fwp%2Fv2%2Fmedia&parent=12180"}],"wp:term":[{"taxonomy":"product_brand","embeddable":true,"href":"https:\/\/alatca.vn\/index.php?rest_route=%2Fwp%2Fv2%2Fproduct_brand&post=12180"},{"taxonomy":"product_cat","embeddable":true,"href":"https:\/\/alatca.vn\/index.php?rest_route=%2Fwp%2Fv2%2Fproduct_cat&post=12180"},{"taxonomy":"product_tag","embeddable":true,"href":"https:\/\/alatca.vn\/index.php?rest_route=%2Fwp%2Fv2%2Fproduct_tag&post=12180"},{"taxonomy":"yst_prominent_words","embeddable":true,"href":"https:\/\/alatca.vn\/index.php?rest_route=%2Fwp%2Fv2%2Fyst_prominent_words&post=12180"}],"curies":[{"name":"wp","href":"https:\/\/api.w.org\/{rel}","templated":true}]}}