{"id":12183,"date":"2023-03-04T16:07:43","date_gmt":"2023-03-04T09:07:43","guid":{"rendered":"https:\/\/alatca.vn\/?post_type=product&#038;p=12183"},"modified":"2026-04-12T17:09:01","modified_gmt":"2026-04-12T10:09:01","slug":"loi-loc-so-7-alatca","status":"publish","type":"product","link":"https:\/\/alatca.vn\/?product=loi-loc-so-7-alatca","title":{"rendered":"L\u00f5i l\u1ecdc s\u1ed1 7 Alatca"},"content":{"rendered":"<p>L\u00f5i l\u1ecdc s\u1ed1 7 Alatca Alkaline<\/p>\n<p>\u2013 T\u0103ng ch\u1ec9 s\u1ed1 PH, t\u1ea1o n\u01b0\u1edbc ki\u1ec1m t\u00ednh gi\u00fap trung h\u00f2a c\u00e1c a x\u00edt d\u01b0 th\u1eeba trong c\u01a1 th\u1ec3.<\/p>\n<p>\u2013 Tu\u1ed5i th\u1ecd: 12 \u2013 18 th\u00e1ng (~ 5.200 l\u00edt)<\/p>\n","protected":false},"excerpt":{"rendered":"<p>L\u00f5i l\u1ecdc s\u1ed1 7 Alatca Alkaline \u2013 T\u0103ng ch\u1ec9 s\u1ed1 PH, t\u1ea1o n\u01b0\u1edbc ki\u1ec1m t\u00ednh gi\u00fap trung h\u00f2a c\u00e1c a x\u00edt d\u01b0 th\u1eeba trong c\u01a1 th\u1ec3. \u2013 Tu\u1ed5i th\u1ecd: 12 \u2013 18 th\u00e1ng (~ 5.200 l\u00edt)<\/p>\n","protected":false},"featured_media":12175,"comment_status":"open","ping_status":"closed","template":"","meta":[],"product_brand":[],"product_cat":[28],"product_tag":[],"yst_prominent_words":[],"class_list":{"0":"post-12183","1":"product","2":"type-product","3":"status-publish","4":"has-post-thumbnail","6":"product_cat-phu-kien","8":"first","9":"instock","10":"shipping-taxable","11":"product-type-simple"},"jetpack_sharing_enabled":true,"_links":{"self":[{"href":"https:\/\/alatca.vn\/index.php?rest_route=\/wp\/v2\/product\/12183","targetHints":{"allow":["GET"]}}],"collection":[{"href":"https:\/\/alatca.vn\/index.php?rest_route=\/wp\/v2\/product"}],"about":[{"href":"https:\/\/alatca.vn\/index.php?rest_route=\/wp\/v2\/types\/product"}],"replies":[{"embeddable":true,"href":"https:\/\/alatca.vn\/index.php?rest_route=%2Fwp%2Fv2%2Fcomments&post=12183"}],"wp:featuredmedia":[{"embeddable":true,"href":"https:\/\/alatca.vn\/index.php?rest_route=\/wp\/v2\/media\/12175"}],"wp:attachment":[{"href":"https:\/\/alatca.vn\/index.php?rest_route=%2Fwp%2Fv2%2Fmedia&parent=12183"}],"wp:term":[{"taxonomy":"product_brand","embeddable":true,"href":"https:\/\/alatca.vn\/index.php?rest_route=%2Fwp%2Fv2%2Fproduct_brand&post=12183"},{"taxonomy":"product_cat","embeddable":true,"href":"https:\/\/alatca.vn\/index.php?rest_route=%2Fwp%2Fv2%2Fproduct_cat&post=12183"},{"taxonomy":"product_tag","embeddable":true,"href":"https:\/\/alatca.vn\/index.php?rest_route=%2Fwp%2Fv2%2Fproduct_tag&post=12183"},{"taxonomy":"yst_prominent_words","embeddable":true,"href":"https:\/\/alatca.vn\/index.php?rest_route=%2Fwp%2Fv2%2Fyst_prominent_words&post=12183"}],"curies":[{"name":"wp","href":"https:\/\/api.w.org\/{rel}","templated":true}]}}