{"id":12185,"date":"2023-03-04T16:09:25","date_gmt":"2023-03-04T09:09:25","guid":{"rendered":"https:\/\/alatca.vn\/?post_type=product&#038;p=12185"},"modified":"2026-04-13T01:28:31","modified_gmt":"2026-04-12T18:28:31","slug":"loi-loc-so-9-alatca","status":"publish","type":"product","link":"https:\/\/alatca.vn\/?product=loi-loc-so-9-alatca","title":{"rendered":"L\u00f5i l\u1ecdc s\u1ed1 9 Alatca"},"content":{"rendered":"<p>L\u00f5i l\u1ecdc s\u1ed1 9 Alatca:\u00a0Hydrogen<br \/>\n-T\u1ea1o ra N\u01b0\u1edbc \u0111i\u1ec7n gi\u1ea3i gi\u00e0u Hydrogen ch\u1ed1ng l\u00e3o h\u00f3a \u0111\u00e0o th\u1ea3i \u0111\u1ed9c t\u1ed1 ng\u0103n ng\u1eeba v\u00e0 lo\u1ea1i b\u1ecf g\u1ed1c t\u1ef1 do c\u00f3 h\u1ea1i.<br \/>\n\u2013 Tu\u1ed5i th\u1ecd: 12 th\u00e1ng (~ 3.600 l\u00edt)<\/p>\n","protected":false},"excerpt":{"rendered":"<p>L\u00f5i l\u1ecdc s\u1ed1 9 Alatca:\u00a0Hydrogen -T\u1ea1o ra N\u01b0\u1edbc \u0111i\u1ec7n gi\u1ea3i gi\u00e0u Hydrogen ch\u1ed1ng l\u00e3o h\u00f3a \u0111\u00e0o th\u1ea3i \u0111\u1ed9c t\u1ed1 ng\u0103n ng\u1eeba v\u00e0 lo\u1ea1i b\u1ecf g\u1ed1c t\u1ef1 do c\u00f3 h\u1ea1i. \u2013 Tu\u1ed5i th\u1ecd: 12 th\u00e1ng (~ 3.600 l\u00edt)<\/p>\n","protected":false},"featured_media":12271,"comment_status":"open","ping_status":"closed","template":"","meta":[],"product_brand":[],"product_cat":[28],"product_tag":[],"yst_prominent_words":[],"class_list":{"0":"post-12185","1":"product","2":"type-product","3":"status-publish","4":"has-post-thumbnail","6":"product_cat-phu-kien","8":"first","9":"instock","10":"shipping-taxable","11":"purchasable","12":"product-type-simple"},"jetpack_sharing_enabled":true,"_links":{"self":[{"href":"https:\/\/alatca.vn\/index.php?rest_route=\/wp\/v2\/product\/12185","targetHints":{"allow":["GET"]}}],"collection":[{"href":"https:\/\/alatca.vn\/index.php?rest_route=\/wp\/v2\/product"}],"about":[{"href":"https:\/\/alatca.vn\/index.php?rest_route=\/wp\/v2\/types\/product"}],"replies":[{"embeddable":true,"href":"https:\/\/alatca.vn\/index.php?rest_route=%2Fwp%2Fv2%2Fcomments&post=12185"}],"wp:featuredmedia":[{"embeddable":true,"href":"https:\/\/alatca.vn\/index.php?rest_route=\/wp\/v2\/media\/12271"}],"wp:attachment":[{"href":"https:\/\/alatca.vn\/index.php?rest_route=%2Fwp%2Fv2%2Fmedia&parent=12185"}],"wp:term":[{"taxonomy":"product_brand","embeddable":true,"href":"https:\/\/alatca.vn\/index.php?rest_route=%2Fwp%2Fv2%2Fproduct_brand&post=12185"},{"taxonomy":"product_cat","embeddable":true,"href":"https:\/\/alatca.vn\/index.php?rest_route=%2Fwp%2Fv2%2Fproduct_cat&post=12185"},{"taxonomy":"product_tag","embeddable":true,"href":"https:\/\/alatca.vn\/index.php?rest_route=%2Fwp%2Fv2%2Fproduct_tag&post=12185"},{"taxonomy":"yst_prominent_words","embeddable":true,"href":"https:\/\/alatca.vn\/index.php?rest_route=%2Fwp%2Fv2%2Fyst_prominent_words&post=12185"}],"curies":[{"name":"wp","href":"https:\/\/api.w.org\/{rel}","templated":true}]}}