{"id":148,"date":"2023-02-08T08:56:48","date_gmt":"2023-02-08T01:56:48","guid":{"rendered":"https:\/\/alatca.vn\/?post_type=product&#038;p=148"},"modified":"2023-03-04T15:36:27","modified_gmt":"2023-03-04T08:36:27","slug":"he-thong-loc-nuoc-cong-nghiep-kasama-500l-h","status":"publish","type":"product","link":"https:\/\/alatca.vn\/?product=he-thong-loc-nuoc-cong-nghiep-kasama-500l-h","title":{"rendered":"H\u1ec7 th\u1ed1ng l\u1ecdc n\u01b0\u1edbc c\u00f4ng nghi\u1ec7p Kasama 500l\/h"},"content":{"rendered":"<p><span style=\"font-size: 110%;\"><strong>H\u1ec7 th\u1ed1ng l\u1ecdc n\u01b0\u1edbc c\u00f4ng nghi\u1ec7p Kasama\u00a0500l\/h<\/strong><\/span>\u00a0h\u1ec7 th\u1ed1ng RO ti\u00eau chu\u1ea9n, m\u1ea1ch \u0111i\u1ec1u khi\u1ec3n th\u00f4ng minh.\u00a0H\u1ec7 th\u1ed1ng RO ti\u00eau chu\u1ea9n, 1 t\u1ea7ng l\u1ecdc, c\u00f4ng su\u1ea5t 500L\/H, c\u1ed9t l\u1ecdc th\u00f4, l\u1ecdc tinh, m\u00e0ng RO x\u00fac r\u1eeda t\u1ef1 \u0111\u1ed9ng ho\u1eb7c b\u00e1n t\u1ef1 \u0111\u1ed9ng.\u00a0H\u1ec7 th\u1ed1ng ho\u1ea1t \u0111\u1ed9ng v\u1edbi m\u1ea1ch \u0111i\u1ec1u khi\u1ec3n th\u00f4ng minh, hi\u1ec3n th\u1ecb tr\u1ea1ng th\u00e1i ho\u1ea1t \u0111\u1ed9ng v\u00e0 c\u1ea3nh b\u00e1o khi c\u00f3 s\u1ef1 c\u1ed1.\u00a0M\u00e1y l\u1ecdc n\u01b0\u1edbc Kasama\u00a0\u0111\u01b0\u1ee3c s\u1ea3n xu\u1ea5t theo quy tr\u00ecnh c\u00f4ng ngh\u1ec7 c\u1ea5p ch\u1ee9ng nh\u1eadn ph\u00f9 h\u1ee3p ISO 9001:2008.\u00a0N\u01b0\u1edbc qua\u00a0<a href=\"https:\/\/kasama.vn\/\" target=\"_blank\" rel=\"noopener\"><strong>m\u00e1y l\u1ecdc n\u01b0\u1edbc Kasama<\/strong><\/a>\u00a0\u0111\u1ea1t ti\u00eau chu\u1ea9n QCVN 6-1:2010 BYT v\u1ec1 ti\u00eau chu\u1ea9n n\u01b0\u1edbc u\u1ed1ng \u0111\u00f3ng chai \u0111\u00f3ng b\u00ecnh.<\/p>\n<p><img loading=\"lazy\" decoding=\"async\" class=\"wp-image-149 aligncenter\" src=\"http:\/\/alatca.vn\/wp-content\/uploads\/2023\/02\/cn500-may-loc-nuoc-cong-nghiep-500-lit-228x228-1.jpg\" alt=\"m\u00e1y l\u1ecdc c\u00f4ng nghi\u1ec7p\" width=\"272\" height=\"272\" srcset=\"https:\/\/alatca.vn\/wp-content\/uploads\/2023\/02\/cn500-may-loc-nuoc-cong-nghiep-500-lit-228x228-1.jpg 228w, https:\/\/alatca.vn\/wp-content\/uploads\/2023\/02\/cn500-may-loc-nuoc-cong-nghiep-500-lit-228x228-1-100x100.jpg 100w, https:\/\/alatca.vn\/wp-content\/uploads\/2023\/02\/cn500-may-loc-nuoc-cong-nghiep-500-lit-228x228-1-150x150.jpg 150w\" sizes=\"auto, (max-width: 272px) 100vw, 272px\" \/><\/p>\n<h2><strong>\u01afu \u0111i\u1ec3m v\u01b0\u1ee3t tr\u1ed9i\u00a0h\u1ec7 th\u1ed1ng l\u1ecdc n\u01b0\u1edbc c\u00f4ng nghi\u1ec7p Kasama\u00a0500l\/h<\/strong><\/h2>\n<p>\u2013 H\u1ec7 th\u1ed1ng RO ti\u00eau chu\u1ea9n, 1 t\u1ea7ng l\u1ecdc, c\u00f4ng su\u1ea5t 500L\/H<br \/>\n\u2013 C\u1ed9t l\u1ecdc th\u00f4, l\u1ecdc tinh, m\u00e0ng RO x\u00fac r\u1eeda t\u1ef1 \u0111\u1ed9ng ho\u1eb7c b\u00e1n t\u1ef1 \u0111\u1ed9ng.<br \/>\n\u2013 H\u1ec7 th\u1ed1ng ho\u1ea1t \u0111\u1ed9ng v\u1edbi m\u1ea1ch \u0111i\u1ec1u khi\u1ec3n th\u00f4ng minh, hi\u1ec3n th\u1ecb tr\u1ea1ng th\u00e1i ho\u1ea1t \u0111\u1ed9ng v\u00e0 c\u1ea3nh b\u00e1o khi c\u00f3 s\u1ef1 c\u1ed1.<br \/>\n\u2013 \u0110\u1ed3ng h\u1ed3 hi\u1ec3n th\u1ecb \u0111\u1ed9 \u0111i\u1ec7n d\u1eabn ho\u1eb7c t\u1ed5ng ch\u1ea5t r\u1eafn h\u00f2a tan (TDS) c\u1ee7a n\u01b0\u1edbc tinh khi\u1ebft, m\u00e0n h\u00ecnh hi\u1ec3n th\u1ecb b\u1eb1ng LCD<br \/>\n\u2013 M\u1ea1ch ng\u1eaft \u0111i\u1ec7n t\u1ef1 \u0111\u1ed9ng khi n\u01b0\u1edbc tinh khi\u1ebft \u0111\u1ea7y b\u1ed3n ch\u1ee9a ho\u1eb7c t\u1ef1 \u0111\u1ed9ng \u0111\u00f3ng \u0111i\u1ec7n khi n\u01b0\u1edbc tinh khi\u1ebft xu\u1ed1ng th\u1ea5p h\u01a1n m\u1ee9c qui \u0111\u1ecbnh.<br \/>\n\u2013 M\u1ea1ch b\u1ea3o v\u1ec7 b\u01a1m khi n\u01b0\u1edbc \u0111\u1ea7u ngu\u1ed3n y\u1ebfu ho\u1eb7c kh\u00f4ng c\u00f3 n\u01b0\u1edbc.<br \/>\n\u2013 M\u1ea1ch b\u1ea3o v\u1ec7 to\u00e0n b\u1ed9 h\u1ec7 th\u1ed1ng khi m\u1ea5t \u0111i\u1ec7n,suy gi\u1ea3m \u0111i\u1ec7n th\u1ebf,n\u1ed1i t\u1eaft m\u1ea1ch \u0111i\u1ec7n, ho\u1eb7c t\u0103ng \u00e1p,d\u1eebng \u0111i\u1ec7n \u0111\u1ed9t ng\u1ed9t.<\/p>\n","protected":false},"excerpt":{"rendered":"<p>H\u1ec7 th\u1ed1ng l\u1ecdc n\u01b0\u1edbc c\u00f4ng nghi\u1ec7p Kasama\u00a0500l\/h\u00a0h\u1ec7 th\u1ed1ng RO ti\u00eau chu\u1ea9n, m\u1ea1ch \u0111i\u1ec1u khi\u1ec3n th\u00f4ng minh.\u00a0H\u1ec7 th\u1ed1ng RO ti\u00eau chu\u1ea9n, 1 t\u1ea7ng l\u1ecdc, c\u00f4ng su\u1ea5t 500L\/H, c\u1ed9t l\u1ecdc th\u00f4, l\u1ecdc tinh, m\u00e0ng RO x\u00fac r\u1eeda t\u1ef1 \u0111\u1ed9ng ho\u1eb7c b\u00e1n t\u1ef1 \u0111\u1ed9ng.\u00a0H\u1ec7 th\u1ed1ng ho\u1ea1t \u0111\u1ed9ng v\u1edbi m\u1ea1ch \u0111i\u1ec1u khi\u1ec3n th\u00f4ng minh, hi\u1ec3n th\u1ecb tr\u1ea1ng th\u00e1i ho\u1ea1t [&#8230;]\n","protected":false},"featured_media":149,"comment_status":"open","ping_status":"closed","template":"","meta":[],"product_brand":[],"product_cat":[26],"product_tag":[25,24,23],"yst_prominent_words":[],"class_list":{"0":"post-148","1":"product","2":"type-product","3":"status-publish","4":"has-post-thumbnail","6":"product_cat-may-loc-nuoc-cong-nghiep","7":"product_tag-he-thong-loc-tong","8":"product_tag-loc-nuoc","9":"product_tag-loc-tong","11":"first","12":"onbackorder","13":"shipping-taxable","14":"purchasable","15":"product-type-simple"},"jetpack_sharing_enabled":true,"_links":{"self":[{"href":"https:\/\/alatca.vn\/index.php?rest_route=\/wp\/v2\/product\/148","targetHints":{"allow":["GET"]}}],"collection":[{"href":"https:\/\/alatca.vn\/index.php?rest_route=\/wp\/v2\/product"}],"about":[{"href":"https:\/\/alatca.vn\/index.php?rest_route=\/wp\/v2\/types\/product"}],"replies":[{"embeddable":true,"href":"https:\/\/alatca.vn\/index.php?rest_route=%2Fwp%2Fv2%2Fcomments&post=148"}],"wp:featuredmedia":[{"embeddable":true,"href":"https:\/\/alatca.vn\/index.php?rest_route=\/wp\/v2\/media\/149"}],"wp:attachment":[{"href":"https:\/\/alatca.vn\/index.php?rest_route=%2Fwp%2Fv2%2Fmedia&parent=148"}],"wp:term":[{"taxonomy":"product_brand","embeddable":true,"href":"https:\/\/alatca.vn\/index.php?rest_route=%2Fwp%2Fv2%2Fproduct_brand&post=148"},{"taxonomy":"product_cat","embeddable":true,"href":"https:\/\/alatca.vn\/index.php?rest_route=%2Fwp%2Fv2%2Fproduct_cat&post=148"},{"taxonomy":"product_tag","embeddable":true,"href":"https:\/\/alatca.vn\/index.php?rest_route=%2Fwp%2Fv2%2Fproduct_tag&post=148"},{"taxonomy":"yst_prominent_words","embeddable":true,"href":"https:\/\/alatca.vn\/index.php?rest_route=%2Fwp%2Fv2%2Fyst_prominent_words&post=148"}],"curies":[{"name":"wp","href":"https:\/\/api.w.org\/{rel}","templated":true}]}}