{"id":173,"date":"2023-02-08T15:33:48","date_gmt":"2023-02-08T08:33:48","guid":{"rendered":"https:\/\/alatca.vn\/?post_type=product&#038;p=173"},"modified":"2023-03-04T15:35:12","modified_gmt":"2023-03-04T08:35:12","slug":"may-loc-nuoc-ro-alatca-9-cap-vo-cuong-luc","status":"publish","type":"product","link":"https:\/\/alatca.vn\/?product=may-loc-nuoc-ro-alatca-9-cap-vo-cuong-luc","title":{"rendered":"M\u00e1y l\u1ecdc n\u01b0\u1edbc RO Alatca 9 c\u1ea5p v\u1ecf c\u01b0\u1eddng l\u1ef1c"},"content":{"rendered":"<p><img loading=\"lazy\" decoding=\"async\" class=\"size-full wp-image-112 aligncenter\" src=\"http:\/\/alatca.vn\/wp-content\/uploads\/2023\/02\/May-loc-nuoc-RO-9-cap-vo-CL.jpg\" alt=\"\" width=\"300\" height=\"300\" srcset=\"https:\/\/alatca.vn\/wp-content\/uploads\/2023\/02\/May-loc-nuoc-RO-9-cap-vo-CL.jpg 300w, https:\/\/alatca.vn\/wp-content\/uploads\/2023\/02\/May-loc-nuoc-RO-9-cap-vo-CL-100x100.jpg 100w, https:\/\/alatca.vn\/wp-content\/uploads\/2023\/02\/May-loc-nuoc-RO-9-cap-vo-CL-150x150.jpg 150w\" sizes=\"auto, (max-width: 300px) 100vw, 300px\" \/><\/p>\n<h2><strong>Ch\u1ee9c n\u0103ng<\/strong><\/h2>\n<p>+ Lo\u1ea1i b\u1ecf c\u00e1c ion kim lo\u1ea1i n\u1eb7ng, asen, amoni, mangan, ch\u00ec\u2026<\/p>\n<p>+ Lo\u1ea1i b\u1ecf c\u00e1c ch\u1ea5t h\u1eefu c\u01a1, thu\u1ed1c tr\u1eeb s\u00e2u \u0111\u1ed9c h\u1ea1i Lo\u1ea1i b\u1ecf c\u00e1c vi khu\u1ea9n, virus g\u00e2y b\u1ec7nh<\/p>\n<p>+ L\u1ecdc n\u01b0\u1edbc\u00a0u\u1ed1ng tinh khi\u1ebft t\u1eeb n\u01b0\u1edbc gi\u1ebfng \u0111\u00e3 qua x\u1eed l\u00fd th\u00f4, n\u01b0\u1edbc m\u00e1y,n\u01b0\u1edbc nhi\u1ec5m \u0111\u00e1 v\u00f4i cao<\/p>\n<p>+ Th\u00edch h\u1ee3p v\u1edbi m\u1ecdi h\u1ed9 gia \u0111\u00ecnh<\/p>\n<h2><strong>Th\u00f4ng s\u1ed1 k\u1ef9 thu\u1eadt<\/strong><\/h2>\n<p>\u2013 H\u1ec7 th\u1ed1ng g\u1ed3m 9\u00a0c\u1ea5p l\u1ecdc cao c\u1ea5p<\/p>\n<p>\u2013 M\u00e0ng RO Filmtec&#x2122; nh\u1eadp kh\u1ea9u tr\u1ef1c ti\u1ebfp t\u1eeb Hoa K\u1ef3<\/p>\n<p>\u2013 B\u00ecnh \u00e1p th\u00e9p th\u00f4ng d\u1ee5ng .<\/p>\n<p>\u2013 Van \u0111i\u1ec7n t\u1eeb KSD<\/p>\n<p>\u2013 B\u01a1m Radian<\/p>\n<p>\u2013 \u0110i\u1ec7n \u00e1p: 220V \u2013 50 Hz<\/p>\n<p>\u2013 \u0110i\u1ec7n n\u0103ng ti\u00eau th\u1ee5: 24w\/h<\/p>\n<p>\u2013 C\u00f4ng su\u1ea5t: 10L\/h<\/p>\n<p>\u2013 K\u00edch th\u01b0\u1edbc c\u00f3 t\u1ee7 c\u01b0\u1eddng l\u1ef1c\u00a0: 850 x 430 x 330 ( mm)<\/p>\n<p>\u2013 S\u1ea3n ph\u1ea9m b\u1ea3o h\u00e0nh t\u1edbi 24 th\u00e1ng<\/p>\n<p>\u2013 S\u1ea3n ph\u1ea9m c\u00f3 th\u1ec3 \u0111\u01b0\u1ee3c l\u1eafp c\u00f9ng t\u1ee7 k\u00ednh c\u01b0\u1eddng l\u1ef1c ho\u1eb7c l\u1eafp b\u00ean d\u01b0\u1edbi b\u1ed3n r\u1eeda.<\/p>\n<h3 class=\"tit_pro_devmdv2\"><\/h3>\n","protected":false},"excerpt":{"rendered":"<p>M\u00e1y l\u1ecdc n\u01b0\u1edbc RO Alatca 9 c\u1ea5p v\u1ecf c\u01b0\u1eddng l\u1ef1c: D\u00f2ng s\u1ea3n ph\u1ea9m m\u00e1y l\u1ecdc n\u01b0\u1edbc gia \u0111\u00ecnh, s\u1eed d\u1ee5ng b\u00ecnh \u00e1p th\u00e9p th\u00f4ng d\u1ee5ng, h\u1ec7 th\u1ed1ng g\u1ed3m 9 c\u1ea5p l\u1ecdc cao c\u1ea5p, \u0111\u00e1p \u1ee9ng nhu c\u1ea7u c\u01a1 b\u1ea3n v\u1ec1 n\u01b0\u1edbc \u0103n u\u1ed1ng tinh khi\u1ebft theo ti\u00eau chu\u1ea9n m\u1ed7i h\u1ed9 gia \u0111\u00ecnh.<\/p>\n<p>M\u00e1y \u0111\u01b0\u1ee3c b\u1ea3o h\u00e0nh 2 n\u0103m<\/p>\n","protected":false},"featured_media":112,"comment_status":"open","ping_status":"closed","template":"","meta":[],"product_brand":[],"product_cat":[27],"product_tag":[],"yst_prominent_words":[],"class_list":{"0":"post-173","1":"product","2":"type-product","3":"status-publish","4":"has-post-thumbnail","6":"product_cat-may-loc-nuoc-ro","8":"first","9":"instock","10":"shipping-taxable","11":"purchasable","12":"product-type-simple"},"jetpack_sharing_enabled":true,"_links":{"self":[{"href":"https:\/\/alatca.vn\/index.php?rest_route=\/wp\/v2\/product\/173","targetHints":{"allow":["GET"]}}],"collection":[{"href":"https:\/\/alatca.vn\/index.php?rest_route=\/wp\/v2\/product"}],"about":[{"href":"https:\/\/alatca.vn\/index.php?rest_route=\/wp\/v2\/types\/product"}],"replies":[{"embeddable":true,"href":"https:\/\/alatca.vn\/index.php?rest_route=%2Fwp%2Fv2%2Fcomments&post=173"}],"wp:featuredmedia":[{"embeddable":true,"href":"https:\/\/alatca.vn\/index.php?rest_route=\/wp\/v2\/media\/112"}],"wp:attachment":[{"href":"https:\/\/alatca.vn\/index.php?rest_route=%2Fwp%2Fv2%2Fmedia&parent=173"}],"wp:term":[{"taxonomy":"product_brand","embeddable":true,"href":"https:\/\/alatca.vn\/index.php?rest_route=%2Fwp%2Fv2%2Fproduct_brand&post=173"},{"taxonomy":"product_cat","embeddable":true,"href":"https:\/\/alatca.vn\/index.php?rest_route=%2Fwp%2Fv2%2Fproduct_cat&post=173"},{"taxonomy":"product_tag","embeddable":true,"href":"https:\/\/alatca.vn\/index.php?rest_route=%2Fwp%2Fv2%2Fproduct_tag&post=173"},{"taxonomy":"yst_prominent_words","embeddable":true,"href":"https:\/\/alatca.vn\/index.php?rest_route=%2Fwp%2Fv2%2Fyst_prominent_words&post=173"}],"curies":[{"name":"wp","href":"https:\/\/api.w.org\/{rel}","templated":true}]}}