{"id":196,"date":"2023-02-08T22:17:03","date_gmt":"2023-02-08T15:17:03","guid":{"rendered":"https:\/\/alatca.vn\/?post_type=product&#038;p=196"},"modified":"2023-03-04T15:35:12","modified_gmt":"2023-03-04T08:35:12","slug":"alatca-alc-105iq","status":"publish","type":"product","link":"https:\/\/alatca.vn\/?product=alatca-alc-105iq","title":{"rendered":"Alatca ALC 105IQ"},"content":{"rendered":"<h2><strong>T\u00ednh n\u0103ng m\u00e1y l\u1ecdc n\u01b0\u1edbc ALC 105IQ<\/strong><\/h2>\n<p>\u2013 Lo\u1ea1i b\u1ecf ho\u00e0n to\u00e0n c\u00e1c t\u1ea1p ch\u1ea5t l\u01a1 l\u1eedng, kh\u00f4ng h\u00f2a tan, rong r\u00eau, r\u1ec9 s\u00e9t, b\u00f9n, c\u1eb7n b\u1ea9n\u2026..<\/p>\n<p>-Lo\u1ea1i b\u1ecf c\u00e1c kim lo\u1ea1i n\u1eb7ng nh\u01b0 s\u1eaft, ch\u00ec, k\u1ebdm, \u0111\u1ed3ng, canxi, magie\u2026.<\/p>\n<p>-Lo\u1ea1i b\u1ecf c\u00e1c th\u00e0nh ph\u1ea7n h\u1eefu c\u01a1, kh\u00ed h\u00f3a l\u1ecfng trong n\u01b0\u1edbc nh\u01b0 clo, asen, amoni,\u2026<\/p>\n<p>-Lo\u1ea1i b\u1ecf m\u00e0u, m\u00f9i, c\u1ea3i thi\u1ec7n v\u1ecb n\u01b0\u1edbc<\/p>\n<p>-Lo\u1ea1i b\u1ecf canxi, magie trong n\u01b0\u1edbc, l\u00e0m m\u1ec1m n\u01b0\u1edbc tr\u00e1nh \u0111\u00f3ng c\u1eb7n khi \u0111un n\u1ea5u<\/p>\n<p>-Lo\u1ea1i b\u1ecf vi khu\u1ea9n, vi r\u00fat g\u00e2y b\u1ec7nh<\/p>\n<p>M\u00e1y l\u1ecdc n\u01b0\u1edbc\u00a0Alatca ALC 105IQ\u00a0cho ch\u1ea5t l\u01b0\u1ee3ng n\u01b0\u1edbc sau l\u1ecdc \u0111\u1ea1t ti\u00eau chu\u1ea9n n\u01b0\u1edbc \u0103n u\u1ed1ng tr\u1ef1c ti\u1ebfp c\u1ee7a BYT.<\/p>\n<h2><strong>L\u1ee3i \u00edch c\u1ee7a m\u00e1y l\u1ecdc n\u01b0\u1edbc ALC 105IQ<\/strong><\/h2>\n<p>\u2013 M\u00e1y l\u1ecdc n\u01b0\u1edbc Alatca ALC 105IQ\u00a0\u00a0s\u1eed d\u1ee5ng c\u00f4ng ngh\u1ec7 di\u1ec7t khu\u1ea9n Nano Sliver, inon Ag+ s\u1ebd th\u00e2m nh\u1eadp v\u00e0o c\u00e1c t\u1ebf b\u00e0o vi sinh v\u1eadt v\u1edbi ph\u01b0\u01a1ng th\u1ee9c n\u00e0y c\u00f3 th\u1ec3 ti\u00eau di\u1ec7t 99.9% vi khu\u1ea9n c\u00f3 trong n\u01b0\u1edbc<\/p>\n<p>\u2013 Lo\u1ea1i b\u1ecf vi khu\u1ea9n trong ngu\u1ed3n n\u01b0\u1edbc, gi\u00fap mang l\u1ea1i ngu\u1ed3n n\u01b0\u1edbc tinh khi\u1ebft, t\u1ea1o kho\u00e1ng ch\u1ea5t cho n\u01b0\u1edbc nh\u1eb1m mang l\u1ea1i s\u1ee9c kh\u1ecfe t\u1ed1t cho con ng\u01b0\u1eddi.<\/p>\n<p>\u2013 M\u00e1y c\u00f3 th\u1ec3 \u0111\u01b0\u1ee3c l\u1eafp \u0111\u1eb7t b\u00ean trong g\u1ea7m t\u1ee7 b\u1ebfp ho\u1eb7c l\u1eafp c\u00f9ng t\u1ee7 k\u00ednh c\u01b0\u1eddng l\u1ef1c ph\u00f9 h\u1ee3p v\u1edbi m\u1ecdi kh\u00f4ng gian s\u1eed d\u1ee5ng gi\u00fap t\u1ea1o \u0111\u01b0\u1ee3c t\u00ednh th\u1ea9m m\u1ef9 cao cho kh\u00f4ng gian b\u1ebfp hi\u1ec7n \u0111\u1ea1i, ti\u1ebft ki\u1ec7m \u0111i\u1ec7n.<\/p>\n<p>\u2013 M\u00e1y cho n\u01b0\u1edbc sau l\u1ecdc u\u1ed1ng tr\u1ef1c ti\u1ebfp kh\u00f4ng c\u1ea7n \u0111un s\u00f4i, \u0111\u1ea3m b\u1ea3o ti\u00eau chu\u1ea9n n\u01b0\u1edbc u\u1ed1ng ngay c\u1ee7a BYT.<\/p>\n<p>\u2013 T\u1ef1 \u0111\u1ed9ng l\u1ecdc n\u01b0\u1edbc, t\u1ef1 \u0111\u1ed9ng d\u1eebng b\u01a1m khi \u00e1p l\u1ef1c n\u01b0\u1edbc \u0111\u1ea7u ngu\u1ed3n y\u1ebfu n\u01b0\u1edbc gi\u00fap qu\u00e1 tr\u00ecnh s\u1eed d\u1ee5ng n\u01b0\u1edbc s\u1ea1ch kh\u00f4ng b\u1ecb g\u1eb7p gi\u00e1n \u0111o\u1ea1n, gi\u00fap k\u00e9o d\u00e0i tu\u1ed5i th\u1ecd c\u1ee7a m\u00e1y l\u1ecdc n\u01b0\u1edbc, gi\u00fap ti\u1ebft ki\u1ec7m chi ph\u00ed khi s\u1eed d\u1ee5ng v\u00ec m\u00e1y s\u1ebd ng\u1eebng ho\u1ea1t \u0111\u1ed9ng khi b\u00ecnh n\u01b0\u1edbc \u0111\u1ea7y, tr\u00e1nh l\u00e3ng ph\u00ed \u0111i\u1ec7n.<\/p>\n<p>\u2013 M\u00e1y l\u1ecdc n\u01b0\u1edbc Alatca ALC 105IQ c\u00f3 b\u1ed9 \u0111i\u1ec1u khi\u1ec3n th\u00f4ng minh c\u00f3 kh\u1ea3 n\u0103ng t\u1ef1 s\u1ee5c r\u1eeda m\u00e0ng gi\u00fap t\u0103ng tu\u1ed5i th\u1ecd c\u1ee7a m\u00e0ng l\u1ecdc RO<br \/>\nM\u00e1y c\u00f3 \u0111\u00e8n b\u00e1o thay l\u00f5i khi \u0111\u1ebfn \u0111\u1ecbnh k\u1ef3 thay l\u00f5i gi\u00fap ng\u01b0\u1eddi s\u1eed d\u1ee5ng thay l\u00f5i \u0111\u00fang th\u1eddi gian l\u00e0m t\u0103ng tu\u1ed5i th\u1ecd ho\u1ea1t \u0111\u1ed9ng c\u1ee7a m\u00e1y l\u1ecdc<\/p>\n","protected":false},"excerpt":{"rendered":"<p>M\u00e1y l\u1ecdc n\u01b0\u1edbc Alatca ALC 105IQ s\u1eed d\u1ee5ng c\u00f4ng ngh\u1ec7 RO, th\u1ea9m th\u1ea5u ng\u01b0\u1ee3c, h\u00e0ng ch\u00ednh h\u00e3ng. M\u00e1y c\u00f3 c\u1ea5u t\u1ea1o 5 l\u00f5i l\u1ecdc v\u1edbi 4 l\u00f5i l\u1ecdc ch\u00ednh tham gia v\u00e0o qu\u00e1 tr\u00ecnh l\u1ecdc, m\u1ed9t l\u00f5i l\u1ecdc b\u1ed5 sung kho\u00e1ng l\u00e0m n\u01b0\u1edbc sau l\u1ecdc, ngon v\u00e0 ng\u1ecdt h\u01a1n. N\u01b0\u1edbc sau l\u1ecdc u\u1ed1ng ngay kh\u00f4ng c\u1ea7n \u0111un s\u00f4i.<\/p>\n<p>M\u00e1y c\u00f3 c\u00f4ng su\u1ea5t 10 l\u00edt\/gi\u1edd, \u0111\u1ea3m b\u1ea3o \u0111\u00e1p \u1ee9ng nhu c\u1ea7u sinh ho\u1ea1t c\u01a1 b\u1ea3n v\u1ec1 \u0103n u\u1ed1ng c\u1ee7a m\u1ed7i h\u1ed9 gia \u0111\u00ecnh. S\u1ea3n ph\u1ea9m ph\u00f9 h\u1ee3p v\u1edbi m\u1ecdi ngu\u1ed3n n\u01b0\u1edbc m\u00e1y, n\u01b0\u1edbc gi\u1ebfng \u0111\u00e3 qua x\u1eed k\u1ec3 c\u1ea3 n\u01b0\u1edbc nhi\u1ec5m \u0111\u00e1 v\u00f4i cao. S\u1ea3n ph\u1ea9m b\u1ea3o h\u00e0nh 12 th\u00e1ng.<\/p>\n<p>M\u00e1y l\u1ecdc n\u01b0\u1edbc Alatca ALC 105IQ, m\u1ed9t m\u00e1y l\u1ecdc n\u01b0\u1edbc gia \u0111\u00ecnh l\u00fd t\u01b0\u1edfng s\u1ebd l\u00e0 gi\u1ea3i ph\u00e1p ho\u00e0n h\u1ea3o nh\u1ea5t cho ngu\u1ed3n n\u01b0\u1edbc gia \u0111\u00ecnh b\u1ea1n v\u1edbi nhi\u1ec1u t\u00ednh n\u0103ng \u0111\u1eb7c bi\u1ec7t s\u1ebd gi\u00fap lo\u1ea1i b\u1ecf c\u00e1c ch\u1ea5t \u0111\u1ed9c h\u1ea1i c\u00f3 \u1edf ngu\u1ed3n n\u01b0\u1edbc c\u0169ng nh\u01b0 mang l\u1ea1i ngu\u1ed3n n\u01b0\u1edbc s\u1ea1ch gi\u00fap n\u00e2ng cao s\u1ee9c kh\u1ecfe c\u1ee7a m\u1ecdi ng\u01b0\u1eddi.<\/p>\n","protected":false},"featured_media":110,"comment_status":"open","ping_status":"closed","template":"","meta":[],"product_brand":[],"product_cat":[27],"product_tag":[],"yst_prominent_words":[],"class_list":{"0":"post-196","1":"product","2":"type-product","3":"status-publish","4":"has-post-thumbnail","6":"product_cat-may-loc-nuoc-ro","8":"first","9":"instock","10":"shipping-taxable","11":"purchasable","12":"product-type-simple"},"jetpack_sharing_enabled":true,"_links":{"self":[{"href":"https:\/\/alatca.vn\/index.php?rest_route=\/wp\/v2\/product\/196","targetHints":{"allow":["GET"]}}],"collection":[{"href":"https:\/\/alatca.vn\/index.php?rest_route=\/wp\/v2\/product"}],"about":[{"href":"https:\/\/alatca.vn\/index.php?rest_route=\/wp\/v2\/types\/product"}],"replies":[{"embeddable":true,"href":"https:\/\/alatca.vn\/index.php?rest_route=%2Fwp%2Fv2%2Fcomments&post=196"}],"wp:featuredmedia":[{"embeddable":true,"href":"https:\/\/alatca.vn\/index.php?rest_route=\/wp\/v2\/media\/110"}],"wp:attachment":[{"href":"https:\/\/alatca.vn\/index.php?rest_route=%2Fwp%2Fv2%2Fmedia&parent=196"}],"wp:term":[{"taxonomy":"product_brand","embeddable":true,"href":"https:\/\/alatca.vn\/index.php?rest_route=%2Fwp%2Fv2%2Fproduct_brand&post=196"},{"taxonomy":"product_cat","embeddable":true,"href":"https:\/\/alatca.vn\/index.php?rest_route=%2Fwp%2Fv2%2Fproduct_cat&post=196"},{"taxonomy":"product_tag","embeddable":true,"href":"https:\/\/alatca.vn\/index.php?rest_route=%2Fwp%2Fv2%2Fproduct_tag&post=196"},{"taxonomy":"yst_prominent_words","embeddable":true,"href":"https:\/\/alatca.vn\/index.php?rest_route=%2Fwp%2Fv2%2Fyst_prominent_words&post=196"}],"curies":[{"name":"wp","href":"https:\/\/api.w.org\/{rel}","templated":true}]}}